{"id":64,"date":"2019-08-25T07:44:36","date_gmt":"2019-08-25T10:44:36","guid":{"rendered":"https:\/\/aprece.org.br\/congresso\/?page_id=64"},"modified":"2019-08-28T14:05:52","modified_gmt":"2019-08-28T17:05:52","slug":"localizacao","status":"publish","type":"page","link":"https:\/\/aprece.org.br\/congresso\/localizacao\/","title":{"rendered":"Localiza\u00e7\u00e3o"},"content":{"rendered":"\t\t<div data-elementor-type=\"post\" data-elementor-id=\"64\" class=\"elementor elementor-64\" data-elementor-settings=\"[]\">\n\t\t\t<div class=\"elementor-inner\">\n\t\t\t\t<div class=\"elementor-section-wrap\">\n\t\t\t\t\t\t\t<section class=\"elementor-element elementor-element-6524601 elementor-section-content-middle elementor-section-boxed elementor-section-height-default elementor-section-height-default elementor-section elementor-top-section\" data-id=\"6524601\" data-element_type=\"section\">\n\t\t\t\t\t\t<div class=\"elementor-container elementor-column-gap-default\">\n\t\t\t\t<div class=\"elementor-row\">\n\t\t\t\t<div class=\"elementor-element elementor-element-9cd4f86 elementor-column elementor-col-50 elementor-top-column\" data-id=\"9cd4f86\" data-element_type=\"column\">\n\t\t\t<div class=\"elementor-column-wrap  elementor-element-populated\">\n\t\t\t\t\t<div class=\"elementor-widget-wrap\">\n\t\t\t\t<div class=\"elementor-element elementor-element-def4669 elementor-widget elementor-widget-heading\" data-id=\"def4669\" data-element_type=\"widget\" data-widget_type=\"heading.default\">\n\t\t\t\t<div class=\"elementor-widget-container\">\n\t\t\t<h2 class=\"elementor-heading-title elementor-size-default\">Saiba onde vai ser o I CoMCe<\/h2>\t\t<\/div>\n\t\t\t\t<\/div>\n\t\t\t\t<div class=\"elementor-element elementor-element-6359c23 elementor-widget elementor-widget-text-editor\" data-id=\"6359c23\" data-element_type=\"widget\" data-widget_type=\"text-editor.default\">\n\t\t\t\t<div class=\"elementor-widget-container\">\n\t\t\t\t\t<div class=\"elementor-text-editor elementor-clearfix\"><h4 style=\"margin-bottom: 0;\">Centro de Eventos do Cear\u00e1<\/h4><h6><span style=\"color: #808080;\"><em>Mezanino 2 e Pavilh\u00e3o<\/em><\/span><\/h6><p>Av. Washington Soares, 999 &#8211; Edson Queiroz, Fortaleza &#8211; CE*<\/p><p>*<em style=\"font-size: 12px;\">Para saber como chegar, basta clicar na op\u00e7\u00e3o &#8220;Rotas&#8221; no mapa ao lado.<\/em><\/p><\/div>\n\t\t\t\t<\/div>\n\t\t\t\t<\/div>\n\t\t\t\t\t\t<\/div>\n\t\t\t<\/div>\n\t\t<\/div>\n\t\t\t\t<div class=\"elementor-element elementor-element-f294b3d elementor-column elementor-col-50 elementor-top-column\" data-id=\"f294b3d\" data-element_type=\"column\">\n\t\t\t<div class=\"elementor-column-wrap  elementor-element-populated\">\n\t\t\t\t\t<div class=\"elementor-widget-wrap\">\n\t\t\t\t<div class=\"elementor-element elementor-element-17e7235 elementor-widget elementor-widget-google_maps\" data-id=\"17e7235\" data-element_type=\"widget\" data-widget_type=\"google_maps.default\">\n\t\t\t\t<div class=\"elementor-widget-container\">\n\t\t\t<div class=\"elementor-custom-embed\"><iframe frameborder=\"0\" scrolling=\"no\" marginheight=\"0\" marginwidth=\"0\" src=\"https:\/\/maps.google.com\/maps?q=Centro%20de%20Eventos%20do%20Cear%C3%A1&amp;t=m&amp;z=16&amp;output=embed&amp;iwloc=near\" aria-label=\"Centro de Eventos do Cear\u00e1\"><\/iframe><\/div>\t\t<\/div>\n\t\t\t\t<\/div>\n\t\t\t\t\t\t<\/div>\n\t\t\t<\/div>\n\t\t<\/div>\n\t\t\t\t\t\t<\/div>\n\t\t\t<\/div>\n\t\t<\/section>\n\t\t\t\t\t\t<\/div>\n\t\t\t<\/div>\n\t\t<\/div>\n\t\t","protected":false},"excerpt":{"rendered":"<p>Saiba onde vai ser o I CoMCe Centro de Eventos do Cear\u00e1 Mezanino 2 e Pavilh\u00e3o Av. Washington Soares, 999 &#8211; Edson Queiroz, Fortaleza &#8211; CE* *Para saber como chegar, basta clicar na op\u00e7\u00e3o &#8220;Rotas&#8221; no mapa ao lado.<\/p>\n","protected":false},"author":1,"featured_media":65,"parent":0,"menu_order":0,"comment_status":"closed","ping_status":"closed","template":"page-model.php","meta":[],"_links":{"self":[{"href":"https:\/\/aprece.org.br\/congresso\/wp-json\/wp\/v2\/pages\/64"}],"collection":[{"href":"https:\/\/aprece.org.br\/congresso\/wp-json\/wp\/v2\/pages"}],"about":[{"href":"https:\/\/aprece.org.br\/congresso\/wp-json\/wp\/v2\/types\/page"}],"author":[{"embeddable":true,"href":"https:\/\/aprece.org.br\/congresso\/wp-json\/wp\/v2\/users\/1"}],"replies":[{"embeddable":true,"href":"https:\/\/aprece.org.br\/congresso\/wp-json\/wp\/v2\/comments?post=64"}],"version-history":[{"count":8,"href":"https:\/\/aprece.org.br\/congresso\/wp-json\/wp\/v2\/pages\/64\/revisions"}],"predecessor-version":[{"id":160,"href":"https:\/\/aprece.org.br\/congresso\/wp-json\/wp\/v2\/pages\/64\/revisions\/160"}],"wp:featuredmedia":[{"embeddable":true,"href":"https:\/\/aprece.org.br\/congresso\/wp-json\/wp\/v2\/media\/65"}],"wp:attachment":[{"href":"https:\/\/aprece.org.br\/congresso\/wp-json\/wp\/v2\/media?parent=64"}],"curies":[{"name":"wp","href":"https:\/\/api.w.org\/{rel}","templated":true}]}}