{"id":7,"date":"2019-08-22T14:23:30","date_gmt":"2019-08-22T17:23:30","guid":{"rendered":"https:\/\/aprece.org.br\/congresso\/?page_id=7"},"modified":"2019-10-09T15:03:10","modified_gmt":"2019-10-09T18:03:10","slug":"homepage","status":"publish","type":"page","link":"https:\/\/aprece.org.br\/congresso\/","title":{"rendered":"Homepage"},"content":{"rendered":"\n<p style=\"text-align: justify;\">O&nbsp;<strong>I CoMCe<\/strong>&nbsp;\u00e9 uma inova\u00e7\u00e3o no calend\u00e1rio de eventos da Associa\u00e7\u00e3o dos Munic\u00edpios do Estado do Cear\u00e1 &#8211;&nbsp;<strong>APRECE<\/strong>, sendo uma iniciativa voltada para garantir condi\u00e7\u00f5es de implanta\u00e7\u00e3o de gest\u00e3o eficiente e din\u00e2mica por parte gestores, visando o cumprimento da miss\u00e3o abra\u00e7ada pela&nbsp;<strong>APRECE<\/strong>.<\/p>\n\n\n\n<p><\/p>\n","protected":false},"excerpt":{"rendered":"<p>O&nbsp;I CoMCe&nbsp;\u00e9 uma inova\u00e7\u00e3o no calend\u00e1rio de eventos da Associa\u00e7\u00e3o dos Munic\u00edpios do Estado do Cear\u00e1 &#8211;&nbsp;APRECE, sendo uma iniciativa voltada para garantir condi\u00e7\u00f5es de implanta\u00e7\u00e3o de gest\u00e3o eficiente e din\u00e2mica por parte gestores, visando o cumprimento da miss\u00e3o abra\u00e7ada pela&nbsp;APRECE.<\/p>\n","protected":false},"author":1,"featured_media":14,"parent":0,"menu_order":0,"comment_status":"closed","ping_status":"closed","template":"index.php","meta":[],"_links":{"self":[{"href":"https:\/\/aprece.org.br\/congresso\/wp-json\/wp\/v2\/pages\/7"}],"collection":[{"href":"https:\/\/aprece.org.br\/congresso\/wp-json\/wp\/v2\/pages"}],"about":[{"href":"https:\/\/aprece.org.br\/congresso\/wp-json\/wp\/v2\/types\/page"}],"author":[{"embeddable":true,"href":"https:\/\/aprece.org.br\/congresso\/wp-json\/wp\/v2\/users\/1"}],"replies":[{"embeddable":true,"href":"https:\/\/aprece.org.br\/congresso\/wp-json\/wp\/v2\/comments?post=7"}],"version-history":[{"count":44,"href":"https:\/\/aprece.org.br\/congresso\/wp-json\/wp\/v2\/pages\/7\/revisions"}],"predecessor-version":[{"id":336,"href":"https:\/\/aprece.org.br\/congresso\/wp-json\/wp\/v2\/pages\/7\/revisions\/336"}],"wp:featuredmedia":[{"embeddable":true,"href":"https:\/\/aprece.org.br\/congresso\/wp-json\/wp\/v2\/media\/14"}],"wp:attachment":[{"href":"https:\/\/aprece.org.br\/congresso\/wp-json\/wp\/v2\/media?parent=7"}],"curies":[{"name":"wp","href":"https:\/\/api.w.org\/{rel}","templated":true}]}}